{"id":295,"date":"2015-10-02T21:44:17","date_gmt":"2015-10-02T21:44:17","guid":{"rendered":"http:\/\/centralmedia.rs\/?page_id=295"},"modified":"2015-10-02T21:54:11","modified_gmt":"2015-10-02T21:54:11","slug":"privatnost","status":"publish","type":"page","link":"https:\/\/centralmedia.rs\/index.php\/privatnost\/","title":{"rendered":"Privatnost"},"content":{"rendered":"<p>Privatnost<\/p>\n<p><strong><u>ZA\u0160TITA PRIVATNOSTI I TAJNOST PODATAKA<\/u><\/strong><\/p>\n<p><strong>CENTRALMEDIA<\/strong>\u00a0mo\u017ee prikupljati izvesne informacije ili li\u010dne podatke automatski generisane ili obezbe\u0111ene od strane posetilaca ili korisnika internet izdanja\u00a0<strong>CENTRALMEDIA<\/strong>\u00a0 (u daljem tekstu: podaci o korisnicima). Podaci o\u00a0 korisnicima mogu uklju\u010divati i informacije koje se mogu individualno identifikovati u odnosu na odre\u0111eno lice (IP adresa), kao i zbirne informacije o korisnicima.<\/p>\n<p><strong>CENTRALMEDIA<\/strong>\u00a0po\u0161tuje anonimnost i privatnost svojih korisnika.\u00a0<strong>CENTRALMEDIA<\/strong>\u00a0mo\u017ee prikupljati li\u010dne podatke korisnika samo uz njihovu saglasnost. Navedeni podaci \u0107e se koristiti u svrhu informisanja korisnika, radi boljeg uvida i razumevanja potreba i zahteva korisnika\u00a0<strong>CENTRALMEDIA<\/strong>, kao i razvijanja mogu\u0107nosti \u0161to kvalitetnijeg pru\u017eanja usluga.<\/p>\n<p>Postupkom registracije ili prihvatanjem ponu\u0111enih opcija na Android i IOS aplikacijama, korisnici daju saglasnost da ih\u00a0<strong>CENTRALMEDIA<\/strong>\u00a0i njen osniva\u010d obave\u0161tava o novostima i akcijama u skladu sa prihva\u0107enim opcijama. Ukoliko to korisnici ne \u017eele, mogu naglasiti na adresi\u00a0<strong><a href=\"http:\/\/www.centralmedia.rs.\">www.centralmedia.rs.<\/a><\/strong><\/p>\n<p><strong><u>COOKIES<\/u><\/strong><\/p>\n<p>Cookies su informacije sa\u010duvane na hard disku korisnika koje slu\u017ee boljem funkcionisanju\u00a0<strong>CENTRALMEDIA<\/strong>. U standardnoj postavci,\u00a0 ra\u010dunar korisnika prihvata cookies-e, a ukoliko ih korisnik \u017eeli isklju\u010diti,\u00a0 korisniku vi\u0161e ne\u0107e biti dostupne opcije poput brzog odabira jednim klikom ili personalizovane po\u010detne stranice.<\/p>\n<p><strong>CENTRALMEDIA<\/strong>\u00a0se ne slu\u017ei cookies-ima za \u010duvanje li\u010dnih podataka, stoga je\u00a0 privatnost korisnika uvek zagarantovana.<\/p>\n<p><strong><u>LINKOVI NA DRUGE WEB STRANICE I OGLA\u0160IVA\u0106I<\/u><\/strong><\/p>\n<p><strong>CENTRALMEDIA\u00a0<\/strong>sadr\u017ei i podatke i informacije kao i veze do drugih Internet stranica kreiranih od strane tre\u0107ih lica (linkovi) koje \u0107e se, kad god je to mogu\u0107e, kao takve ozna\u010davati.\u00a0<strong>CENTRALMEDIA<\/strong>\u00a0nema nadzor nad navedenim podacima i informacijama ili drugim Internet stranicama te se u potpunosti odri\u010de svake odgovornosti vezane za sadr\u017eaj na Internet stranicama kreiranim od strane tre\u0107ih lica.<\/p>\n<p><strong>CENTRALMEDIA<\/strong> nije odgovorna za sadr\u017eaj stranica ogla\u0161iva\u010da na internet izdanju <strong>CENTRALMEDIA<\/strong>\u00a0 kao ni za bilo kakvu \u0161tetu nastalu reklamiranjem.Poslovni odnos izme\u0111u ogla\u0161iva\u010da i korisnika na stranicama\u00a0<strong>CENTRALMEDIA<\/strong>\u00a0i izvan njih isklju\u010divo se zasniva na poslovnom dogovoru ogla\u0161iva\u010da i korisnika te\u00a0<strong>CENTRALMEDIA<\/strong>\u00a0nije odgovorna za bilo kakvu mogu\u0107u \u0161tetu proiza\u0161lu iz takvog poslovnog odnosa.<\/p>\n<p>&nbsp;<\/p>\n","protected":false},"excerpt":{"rendered":"<p>Privatnost ZA\u0160TITA PRIVATNOSTI I TAJNOST PODATAKA CENTRALMEDIA\u00a0mo\u017ee prikupljati izvesne informacije ili li\u010dne podatke automatski generisane ili obezbe\u0111ene od strane posetilaca ili korisnika internet izdanja\u00a0CENTRALMEDIA\u00a0 (u &hellip; <\/p>\n","protected":false},"author":4,"featured_media":0,"parent":0,"menu_order":0,"comment_status":"closed","ping_status":"closed","template":"","meta":{"footnotes":""},"_links":{"self":[{"href":"https:\/\/centralmedia.rs\/index.php\/wp-json\/wp\/v2\/pages\/295"}],"collection":[{"href":"https:\/\/centralmedia.rs\/index.php\/wp-json\/wp\/v2\/pages"}],"about":[{"href":"https:\/\/centralmedia.rs\/index.php\/wp-json\/wp\/v2\/types\/page"}],"author":[{"embeddable":true,"href":"https:\/\/centralmedia.rs\/index.php\/wp-json\/wp\/v2\/users\/4"}],"replies":[{"embeddable":true,"href":"https:\/\/centralmedia.rs\/index.php\/wp-json\/wp\/v2\/comments?post=295"}],"version-history":[{"count":0,"href":"https:\/\/centralmedia.rs\/index.php\/wp-json\/wp\/v2\/pages\/295\/revisions"}],"wp:attachment":[{"href":"https:\/\/centralmedia.rs\/index.php\/wp-json\/wp\/v2\/media?parent=295"}],"curies":[{"name":"wp","href":"https:\/\/api.w.org\/{rel}","templated":true}]}}