{"id":298,"date":"2015-10-02T21:52:03","date_gmt":"2015-10-02T21:52:03","guid":{"rendered":"http:\/\/centralmedia.rs\/?page_id=298"},"modified":"2016-06-02T20:04:07","modified_gmt":"2016-06-02T20:04:07","slug":"uslovi-koriscenja","status":"publish","type":"page","link":"https:\/\/centralmedia.rs\/index.php\/uslovi-koriscenja\/","title":{"rendered":"Uslovi kori\u0161\u0107enja"},"content":{"rendered":"<h2>Uslovi kori\u0161\u0107enja<\/h2>\n<div class=\"content\">\n<div class=\"field field-name-body\">\n<p><u><strong>SADR\u017dAJ I USLUGE<\/strong><\/u><\/p>\n<p><strong>CENTRALMEDIA<\/strong>, kao internet javno glasio, svojim korisnicima omogu\u0107ava kori\u0161\u0107enje i pristup razli\u010ditim sadr\u017eajima koji uklju\u010duju Internet vesti, kolumne, foto galerije, blog besplatne sadr\u017eaje i linkove na druge web stranice. Kori\u0161\u0107enje sadr\u017eaja omogu\u0107eno je u skladu sa ovim uslovima kori\u0161\u0107enja. Kori\u0161\u0107enjem bilo kog dela, kao i podsajtova <strong>CENTRALMEDIA<\/strong>\u00a0i njenog osniva\u010da smatra se da su korisnici upoznati sa ovim uslovima, kao i da prihvataju kori\u0161\u0107enje sadr\u017eaja ovog portala isklju\u010divo za li\u010dnu upotrebu i na sopstvenu odgovornost.<\/p>\n<p><strong>CENTRALMEDIA<\/strong> ima autorska prava na sve sadr\u017eaje (tekstualne, vizuelne i audio materijale, baze podataka, programerski kod). Neovla\u0161\u0107eno kori\u0161\u0107enje bilo kog dela, bez dozvole vlasnika autorskih prava, smatra se kr\u0161enjem autorskih prava <strong>CENTRALMEDIA<\/strong>\u00a0i podlo\u017eno je tu\u017ebi.<\/p>\n<p><strong>CENTRALMEDIA<\/strong> zadr\u017eava pravo ukidanja i promene izgleda, sadr\u017eaja i uslova kori\u0161\u0107enja kao i svih servisa i podstranica koje su sastavni deo <strong>CENTRALMEDIA<\/strong>, bez obaveze prethodne najave.<\/p>\n<p><u><strong>KOMENTARI \u010cITALACA<\/strong><\/u><\/p>\n<p>\u010citaoci mogu da komentari\u0161u vest i iznesu svoje mi\u0161ljenje u pogledu objavljene vesti. Prilikom registracije za objavljivanje komentara na vesti objavljene na internet adesi <strong>CENTRALMEDIA<\/strong>, korisnik je du\u017ean da se pridr\u017eava slede\u0107ih pravila o objavljivanju komentara:<\/p>\n<p>Nije dozvoljeno postavljati, objavljivati, upu\u0107ivati na, niti prenositi bilo koji sadr\u017eaj koji:<\/p>\n<ul>\n<li>povre\u0111uje, li\u0161ava ili ugro\u017eava autorska imovinska ili moralna prava, \u017eig, poslovnu tajnu ili druga prava intelektualne svojine ili prava na privatnost i za\u0161titu li\u010dnih podataka bilo kog tre\u0107eg lica;<\/li>\n<li>povre\u0111uje ili podsti\u010de bilo koje pona\u0161anje koje bi moglo da predstavlja kr\u0161enje bilo kog va\u017ee\u0107eg propisa ili bi predstavljao osnov za utvr\u0111ivanje gra\u0111anske odgovornosti;<\/li>\n<li>je prevaran, obmanjuju\u0107i, neistinit;<\/li>\n<li>je namenjen deci ili koji se mo\u017ee smatrati namenjenim deci, u skladu sa odredbama zakona o za\u0161titi dece na internetu<\/li>\n<li>je uvredljiv, opscen, pornografski, vulgaran ili klevetni\u010dki;<\/li>\n<li>promovi\u0161e diskriminaciju, netoleranciju, rasizam, mr\u017enju, uznemiravanje ili zlostavljanje bilo kog pojedinca ili grupe;<\/li>\n<li>je nasilan ili prete\u0107i ili promovi\u0161e nasilje ili radnje koje predstavljaju pretnju prema bilo kom licu ili entitetu;<\/li>\n<li>promovi\u0161e nezakonite ili \u0161tetne radnje ili supstance.<\/li>\n<\/ul>\n<p><strong>CENTRALMEDIA<\/strong> zadr\u017eava pravo da u svakom trenutku, bez prethodnog obave\u0161tavanja, ukloni ili onemogu\u0107i pristup bilo kom sadr\u017eaju i nalogu po na\u0161em utvr\u0111enju, za koji se utvrdi da predstavlja kr\u0161enje odredaba ili da je na drugi na\u010din \u0161tetan za <strong>CENTRALMEDIA<\/strong>.<\/p>\n<p>Ne mo\u017ee se objaviti li\u010dni pisani zapis, zapis lika i zapis glasa bez pristanka lica \u010dije re\u010di, glas odnosno lik sadr\u017ei, ako se pri objavljivanju mo\u017ee zaklju\u010diti koje je to lice, tako\u0111e ni bez pristanka onoga kome su namenjeni, odnosno onoga na koga se odnose, ako bi objavljivanjem bilo povre\u0111eno pravo na privatnost ili koje drugo pravo tog lica.<\/p>\n<p>Zabranjeno je modifikovati, prilago\u0111avati, neovla\u0161\u0107eno pristupati\u00a0<strong>CENTRALMEDIA<\/strong>\u00a0ili modifikovati drugi sajt na na\u010din kojim bi se tre\u0107a lica mogla dovesti u zabludu o njegovoj povezanosti sa <strong>CENTRALMEDIA<\/strong>. Zabranjeno je postavljati, hostovati ili prenositi \u201cnetra\u017eene\u201d mailove, sms poruke ili spam poruke, virusi ili kodovi koji imaju destruktivnu prirodu.<\/p>\n<p>Redakcija <strong>CENTRALMEDIA<\/strong>\u00a0zadr\u017eava pravo izbora komentara koji \u0107e biti objavljeni, kao i pravo skra\u0107ivanja komentara. Redakcija <strong>CENTRALMEDIA<\/strong>\u00a0nema obavezu obrazlaganja odluka vezanih za skra\u0107ivanje komentara i njihovo objavljivanje. Ne objavljuju se komentari koji predstavljaju komentar drugih (ve\u0107 objavljenih) komentara, kao ni polemike izme\u0111u komentatora, osim u slu\u010daju druga\u010dije procene redakcije <strong>CENTRALMEDIA<\/strong>.<\/p>\n<p>U\u010destvovanje u diskusijama ili polemikama, mo\u017ee se vr\u0161iti putem registracije na\u00a0 <strong>CENTRALMEDIA\u00a0<\/strong>forumu.<\/p>\n<p><u><strong>ZA\u0160TITA PRIVATNOSTI I TAJNOST PODATAKA<\/strong><\/u><\/p>\n<p><strong>CENTRALMEDIA<\/strong> mo\u017ee prikupljati izvesne informacije ili li\u010dne podatke automatski generisane ili obezbe\u0111ene od strane posetilaca ili korisnika internet izdanja <strong>CENTRALMEDIA<\/strong>\u00a0 (u daljem tekstu: podaci o korisnicima). Podaci o\u00a0 korisnicima mogu uklju\u010divati i informacije koje se mogu individualno identifikovati u odnosu na odre\u0111eno lice (IP adresa), kao i zbirne informacije o korisnicima.<\/p>\n<p><strong>CENTRALMEDIA<\/strong> po\u0161tuje anonimnost i privatnost svojih korisnika. <strong>CENTRALMEDIA<\/strong>\u00a0mo\u017ee prikupljati li\u010dne podatke korisnika samo uz njihovu saglasnost. Navedeni podaci \u0107e se koristiti u svrhu informisanja korisnika, radi boljeg uvida i razumevanja potreba i zahteva korisnika <strong>CENTRALMEDIA<\/strong>, kao i razvijanja mogu\u0107nosti \u0161to kvalitetnijeg pru\u017eanja usluga.<\/p>\n<p>Postupkom registracije ili prihvatanjem ponu\u0111enih opcija na Android i IOS aplikacijama, korisnici daju saglasnost da ih <strong>CENTRALMEDIA<\/strong>\u00a0i njen osniva\u010d obave\u0161tava o novostima i akcijama u skladu sa prihva\u0107enim opcijama.<\/p>\n<p><u><strong>COOKIES<\/strong><\/u><\/p>\n<p>Cookies su informacije sa\u010duvane na hard disku korisnika koje slu\u017ee boljem funkcionisanju <strong>CENTRALMEDIA<\/strong>. U standardnoj postavci,\u00a0 ra\u010dunar korisnika prihvata cookies-e, a ukoliko ih korisnik \u017eeli isklju\u010diti,\u00a0 korisniku vi\u0161e ne\u0107e biti dostupne opcije poput brzog odabira jednim klikom ili personalizovane po\u010detne stranice.<\/p>\n<p><strong>CENTRALMEDIA<\/strong> se ne slu\u017ei cookies-ima za \u010duvanje li\u010dnih podataka, stoga je\u00a0 privatnost korisnika uvek zagarantovana.<\/p>\n<p><u><strong>LINKOVI NA DRUGE WEB STRANICE I OGLA\u0160IVA\u0106I<\/strong><\/u><\/p>\n<p><strong>CENTRALMEDIA <\/strong>sadr\u017ei i podatke i informacije kao i veze do drugih Internet stranica kreiranih od strane tre\u0107ih lica (linkovi) koje \u0107e se, kad god je to mogu\u0107e, kao takve ozna\u010davati. <strong>CENTRALMEDIA\u00a0<\/strong>nema nadzor nad navedenim podacima i informacijama ili drugim Internet stranicama te se u potpunosti odri\u010de svake odgovornosti vezane za sadr\u017eaj na Internet stranicama kreiranim od strane tre\u0107ih lica.<\/p>\n<p><strong>CENTRALMEDIA<\/strong> nije odgovorna za sadr\u017eaj stranica ogla\u0161iva\u010da na internet izdanju <strong>CENTRALMEDIA<\/strong>\u00a0 kao ni za bilo kakvu \u0161tetu nastalu reklamiranjem.Poslovni odnos izme\u0111u ogla\u0161iva\u010da i korisnika na stranicama <strong>SRBIJA DANAS<\/strong>\u00a0i izvan njih isklju\u010divo se zasniva na poslovnom dogovoru ogla\u0161iva\u010da i korisnika te <strong>CENTRALMEDIA<\/strong>\u00a0 \u00a0nije odgovorna za bilo kakvu mogu\u0107u \u0161tetu proiza\u0161lu iz takvog poslovnog odnosa.<\/p>\n<p><u><strong>LI\u010cNA, AUTORSKA I DRUGA PRAVA<\/strong><\/u><\/p>\n<p>Sadr\u017eaj <strong>CENTRALMEDIA<\/strong>\u00a0 \u00a0je za\u0161ti\u0107en autorskim pravima. Sadr\u017eaj objavljen od strane<strong> CENTRALMEDIA\u00a0 \u00a0<\/strong>ne sme se reprodukovati, distribuirati ili na bilo koji na\u010din koristiti u komercijalne svrhe bez izri\u010ditog pristanka <strong>CENTRALMEDIA<\/strong>\u00a0 <strong>\u00a0<\/strong>ili\u00a0 upotrebiti na bilo koji na\u010din koji mo\u017ee prouzrokovati \u0161tetu\u00a0<strong>CENTRALMEDIA<\/strong>\u00a0 \u00a0ili bilo kom tre\u0107em licu, osim pod uslovima propisanim Zakonom o autorskom i srodnim pravima.<\/p>\n<p>Ukoliko bilo ko smatra da je sadr\u017eaj objavljen na stranicama <strong>CENTRALMEDIA<\/strong>\u00a0 \u00a0podesan da povredi li\u010dno, autorsko ili drugo pravo ili interes, mo\u017ee od odgovornog urednika zahtevati objavu odgovora ili ispravke, odnosno otklanjanja navodne povrede.<\/p>\n<p>Obave\u0161tenje o eventualnoj povredi, odnosno podneti odgovor ili ispravka, mora da sadr\u017ei opis, vrstu i prirodu neistinitosti, nepotpunosti ili neta\u010dnosti prenosa sadr\u017eaja, odnosno druge povrede, te lokaciju (tj. URL adresa) ili druge informacije dovoljne za identifikaciju predmetnog sadr\u017eaja, kao i instrukcije za njegovo otklanjanje.<\/p>\n<p>Odgovorni urednik nije du\u017ean da objavi odgovor ili ispravku ako ona ne ispunjava zakonom predvi\u0111ene uslove.<\/p>\n<p style=\"text-align: right;\"><strong>CENTRALMEDIA<\/strong><\/p>\n<\/div>\n<\/div>\n","protected":false},"excerpt":{"rendered":"<p>Uslovi kori\u0161\u0107enja SADR\u017dAJ I USLUGE CENTRALMEDIA, kao internet javno glasio, svojim korisnicima omogu\u0107ava kori\u0161\u0107enje i pristup razli\u010ditim sadr\u017eajima koji uklju\u010duju Internet vesti, kolumne, foto galerije, &hellip; <\/p>\n","protected":false},"author":4,"featured_media":0,"parent":0,"menu_order":0,"comment_status":"closed","ping_status":"closed","template":"","meta":{"footnotes":""},"_links":{"self":[{"href":"https:\/\/centralmedia.rs\/index.php\/wp-json\/wp\/v2\/pages\/298"}],"collection":[{"href":"https:\/\/centralmedia.rs\/index.php\/wp-json\/wp\/v2\/pages"}],"about":[{"href":"https:\/\/centralmedia.rs\/index.php\/wp-json\/wp\/v2\/types\/page"}],"author":[{"embeddable":true,"href":"https:\/\/centralmedia.rs\/index.php\/wp-json\/wp\/v2\/users\/4"}],"replies":[{"embeddable":true,"href":"https:\/\/centralmedia.rs\/index.php\/wp-json\/wp\/v2\/comments?post=298"}],"version-history":[{"count":0,"href":"https:\/\/centralmedia.rs\/index.php\/wp-json\/wp\/v2\/pages\/298\/revisions"}],"wp:attachment":[{"href":"https:\/\/centralmedia.rs\/index.php\/wp-json\/wp\/v2\/media?parent=298"}],"curies":[{"name":"wp","href":"https:\/\/api.w.org\/{rel}","templated":true}]}}